{"id":737,"date":"2018-09-12T07:13:51","date_gmt":"2018-09-12T07:13:51","guid":{"rendered":"https:\/\/www.mboa-snackerys.com\/?page_id=737"},"modified":"2018-09-12T07:30:17","modified_gmt":"2018-09-12T07:30:17","slug":"oeuvres-sociales","status":"publish","type":"page","link":"https:\/\/www.mboa-snackerys.com\/?page_id=737","title":{"rendered":"Oeuvres sociales"},"content":{"rendered":"\n<style type=\"text\/css\" data-created_by=\"avia_inline_auto\" id=\"style-css-av-us5f6-52b7ed96720231fac53e2700ac380614\">\n.avia-section.av-us5f6-52b7ed96720231fac53e2700ac380614 .av-parallax .av-parallax-inner{\nbackground-repeat:no-repeat;\nbackground-image:url(https:\/\/www.mboa-snackerys.com\/wp-content\/uploads\/2018\/09\/Le-gout-de-ca.jpg);\nbackground-position:50% 100%;\nbackground-attachment:scroll;\n}\n.avia-section.av-us5f6-52b7ed96720231fac53e2700ac380614 .av-section-color-overlay{\nopacity:0.7;\nbackground-color:#fea100;\n}\n<\/style>\n<div id='av_section_1'  class='avia-section av-us5f6-52b7ed96720231fac53e2700ac380614 main_color avia-section-huge avia-no-border-styling  avia-builder-el-0  el_before_av_layout_row  avia-builder-el-first  avia-full-stretch av-parallax-section avia-bg-style-parallax av-section-color-overlay-active av-minimum-height av-minimum-height-50  container_wrap fullsize'  data-section-bg-repeat='stretch' data-av_minimum_height_pc='50'><div class='av-parallax' data-avia-parallax-ratio='0.3' ><div class='av-parallax-inner main_color avia-full-stretch'><\/div><\/div><div class=\"av-section-color-overlay-wrap\"><div class=\"av-section-color-overlay\"><\/div><div class='container av-section-cont-open' ><main  role=\"main\" itemprop=\"mainContentOfPage\"  class='template-page content  av-content-full alpha units'><div class='post-entry post-entry-type-page post-entry-737'><div class='entry-content-wrapper clearfix'>\n\n<style type=\"text\/css\" data-created_by=\"avia_inline_auto\" id=\"style-css-av-jlyts0i2-a95cae54851fc0ed4de2e796176ef2d1\">\n#top .av-special-heading.av-jlyts0i2-a95cae54851fc0ed4de2e796176ef2d1{\npadding-bottom:10px;\ncolor:#ffffff;\nfont-size:50px;\n}\nbody .av-special-heading.av-jlyts0i2-a95cae54851fc0ed4de2e796176ef2d1 .av-special-heading-tag .heading-char{\nfont-size:25px;\n}\n#top #wrap_all .av-special-heading.av-jlyts0i2-a95cae54851fc0ed4de2e796176ef2d1 .av-special-heading-tag{\nfont-size:50px;\n}\n.av-special-heading.av-jlyts0i2-a95cae54851fc0ed4de2e796176ef2d1 .special-heading-inner-border{\nborder-color:#ffffff;\n}\n.av-special-heading.av-jlyts0i2-a95cae54851fc0ed4de2e796176ef2d1 .av-subheading{\nfont-size:15px;\n}\n\n@media only screen and (min-width: 480px) and (max-width: 767px){ \n#top #wrap_all .av-special-heading.av-jlyts0i2-a95cae54851fc0ed4de2e796176ef2d1 .av-special-heading-tag{\nfont-size:0.8em;\n}\n}\n\n@media only screen and (max-width: 479px){ \n#top #wrap_all .av-special-heading.av-jlyts0i2-a95cae54851fc0ed4de2e796176ef2d1 .av-special-heading-tag{\nfont-size:0.8em;\n}\n}\n<\/style>\n<div  class='av-special-heading av-jlyts0i2-a95cae54851fc0ed4de2e796176ef2d1 av-special-heading-h3 custom-color-heading blockquote modern-quote modern-centered  avia-builder-el-1  avia-builder-el-no-sibling  av-inherit-size'><h3 class='av-special-heading-tag'  itemprop=\"headline\"  >Nous \u0153uvrons aussi dans le sociale<\/h3><div class='av_custom_color av-subheading av-subheading_below'><p>Kelon chips n\u2019est pas qu\u2019un produit \u00e0 faire de l\u2019argent mais aussi un produit qui contribue \u00e0 donner de l\u2019espoir \u00e0 ceux qui en ont perdu.<\/p>\n<\/div><div class=\"special-heading-border\"><div class=\"special-heading-inner-border\"><\/div><\/div><\/div>\n<\/div><\/div><\/main><!-- close content main element --><\/div><\/div><\/div><div id='av-layout-grid-1'  class='av-layout-grid-container av-rcdse-ff7be139296ede53f65ee5b17d1e366e entry-content-wrapper main_color av-flex-cells  avia-builder-el-2  el_after_av_section  el_before_av_section  grid-row-not-first  container_wrap fullsize'  >\n\n<style type=\"text\/css\" data-created_by=\"avia_inline_auto\" id=\"style-css-av-qh4ei-b39a5802c56ffb410b6b33f21743fa65\">\n.flex_cell.av-qh4ei-b39a5802c56ffb410b6b33f21743fa65{\nvertical-align:top;\nheight:600px;\nmin-height:600px;\nbackground-color:#ffffff;\n}\n.responsive #top #wrap_all .flex_cell.av-qh4ei-b39a5802c56ffb410b6b33f21743fa65{\npadding:150px 150px 150px 150px !important;\n}\n<\/style>\n<div class='flex_cell av-qh4ei-b39a5802c56ffb410b6b33f21743fa65 av-gridrow-cell av_one_half no_margin  avia-builder-el-3  el_before_av_cell_one_half  avia-builder-el-first ' ><div class='flex_cell_inner'><p>\n<style type=\"text\/css\" data-created_by=\"avia_inline_auto\" id=\"style-css-av-osjl-45c72188e99b412e5fe2a1d051336b3d\">\n#top .av-special-heading.av-osjl-45c72188e99b412e5fe2a1d051336b3d{\npadding-bottom:10px;\nfont-size:30px;\n}\nbody .av-special-heading.av-osjl-45c72188e99b412e5fe2a1d051336b3d .av-special-heading-tag .heading-char{\nfont-size:25px;\n}\n#top #wrap_all .av-special-heading.av-osjl-45c72188e99b412e5fe2a1d051336b3d .av-special-heading-tag{\nfont-size:30px;\n}\n.av-special-heading.av-osjl-45c72188e99b412e5fe2a1d051336b3d .av-subheading{\nfont-size:15px;\n}\n\n@media only screen and (min-width: 480px) and (max-width: 767px){ \n#top #wrap_all .av-special-heading.av-osjl-45c72188e99b412e5fe2a1d051336b3d .av-special-heading-tag{\nfont-size:0.8em;\n}\n}\n\n@media only screen and (max-width: 479px){ \n#top #wrap_all .av-special-heading.av-osjl-45c72188e99b412e5fe2a1d051336b3d .av-special-heading-tag{\nfont-size:0.8em;\n}\n}\n<\/style>\n<div  class='av-special-heading av-osjl-45c72188e99b412e5fe2a1d051336b3d av-special-heading-h3 blockquote modern-quote  avia-builder-el-4  el_before_av_textblock  avia-builder-el-first  av-inherit-size'><h3 class='av-special-heading-tag'  itemprop=\"headline\"  ><span class='special_amp'>&#8220;<\/span>Les vacances utiles 2018<span class='special_amp'>&#8221;<\/span> du 07 au 13 Ao\u00fbt \u00e0 Bayangam<\/h3><div class=\"special-heading-border\"><div class=\"special-heading-inner-border\"><\/div><\/div><\/div><br \/>\n<section  class='av_textblock_section av-2goyi-9d9548a9ca58a5211fe737468427ed58'  itemscope=\"itemscope\" itemtype=\"https:\/\/schema.org\/CreativeWork\" ><div class='avia_textblock'  itemprop=\"text\" ><p>Kelon chips \u00e9tait le sponsor officiel de l&#8217;\u00e9dition &#8220;les vacances utiles 2018&#8221; du 07 au 13 Ao\u00fbt \u00e0 Bayangam et sous le haut patronage du chef sup\u00e9rieur Bayangam.<\/p>\n<\/div><\/section><\/p>\n<\/div><\/div>\n<style type=\"text\/css\" data-created_by=\"avia_inline_auto\" id=\"style-css-av-o1rca-4cab4cd5090839d4060760a1d1300a45\">\n.flex_cell.av-o1rca-4cab4cd5090839d4060760a1d1300a45{\nvertical-align:top;\nheight:600px;\nmin-height:600px;\nbackground:url(https:\/\/www.mboa-snackerys.com\/wp-content\/uploads\/2018\/09\/Sponsor-Officiel-a-Bayangam.jpg) 100% 100% no-repeat scroll ;\n}\n.responsive #top #wrap_all .flex_cell.av-o1rca-4cab4cd5090839d4060760a1d1300a45{\npadding:50px 50px 50px 50px !important;\n}\n<\/style>\n<div class='flex_cell av-o1rca-4cab4cd5090839d4060760a1d1300a45 av-gridrow-cell av_one_half no_margin  avia-builder-el-6  el_after_av_cell_one_half  avia-builder-el-last  avia-full-stretch' ><div class='flex_cell_inner'><\/div><\/div>\n<\/div><\/p>\n\n<style type=\"text\/css\" data-created_by=\"avia_inline_auto\" id=\"style-css-av-55omk-9941305e2a1dc75bb8f8b7f1f31a710a\">\n.avia-section.av-55omk-9941305e2a1dc75bb8f8b7f1f31a710a .av-parallax .av-parallax-inner{\nbackground-repeat:no-repeat;\nbackground-image:url(https:\/\/www.mboa-snackerys.com\/wp-content\/uploads\/2015\/03\/hipster-girls-working.jpg);\nbackground-position:50% 0%;\nbackground-attachment:scroll;\n}\n.avia-section.av-55omk-9941305e2a1dc75bb8f8b7f1f31a710a .av-section-color-overlay{\nopacity:0.7;\nbackground-color:#fea100;\n}\n<\/style>\n<div id='sign-up'  class='avia-section av-55omk-9941305e2a1dc75bb8f8b7f1f31a710a main_color avia-section-default avia-no-shadow  avia-builder-el-7  el_after_av_layout_row  avia-builder-el-last  avia-full-stretch av-parallax-section avia-bg-style-parallax av-section-color-overlay-active container_wrap fullsize'  data-section-bg-repeat='stretch'><div class='av-parallax' data-avia-parallax-ratio='0.3' ><div class='av-parallax-inner main_color avia-full-stretch'><\/div><\/div><div class=\"av-section-color-overlay-wrap\"><div class=\"av-section-color-overlay\"><\/div><div class='container av-section-cont-open' ><div class='template-page content  av-content-full alpha units'><div class='post-entry post-entry-type-page post-entry-737'><div class='entry-content-wrapper clearfix'>\n\n<style type=\"text\/css\" data-created_by=\"avia_inline_auto\" id=\"style-css-av-jlyq8q1x-b1713e1a674d602ea29864545a80cfa1\">\n#top .av-special-heading.av-jlyq8q1x-b1713e1a674d602ea29864545a80cfa1{\npadding-bottom:10px;\ncolor:#ffffff;\nfont-size:30px;\n}\nbody .av-special-heading.av-jlyq8q1x-b1713e1a674d602ea29864545a80cfa1 .av-special-heading-tag .heading-char{\nfont-size:25px;\n}\n#top #wrap_all .av-special-heading.av-jlyq8q1x-b1713e1a674d602ea29864545a80cfa1 .av-special-heading-tag{\nfont-size:30px;\n}\n.av-special-heading.av-jlyq8q1x-b1713e1a674d602ea29864545a80cfa1 .special-heading-inner-border{\nborder-color:#ffffff;\n}\n.av-special-heading.av-jlyq8q1x-b1713e1a674d602ea29864545a80cfa1 .av-subheading{\nfont-size:15px;\n}\n\n@media only screen and (min-width: 480px) and (max-width: 767px){ \n#top #wrap_all .av-special-heading.av-jlyq8q1x-b1713e1a674d602ea29864545a80cfa1 .av-special-heading-tag{\nfont-size:0.8em;\n}\n}\n\n@media only screen and (max-width: 479px){ \n#top #wrap_all .av-special-heading.av-jlyq8q1x-b1713e1a674d602ea29864545a80cfa1 .av-special-heading-tag{\nfont-size:0.8em;\n}\n}\n<\/style>\n<div  class='av-special-heading av-jlyq8q1x-b1713e1a674d602ea29864545a80cfa1 av-special-heading-h3 custom-color-heading blockquote modern-quote modern-centered  avia-builder-el-8  el_before_av_one_fifth  avia-builder-el-first  av-inherit-size'><h3 class='av-special-heading-tag'  itemprop=\"headline\"  >Voulez-vous rester inform\u00e9 sur nos produits? Abonnez-vous \u00e0 notre newsletter!<\/h3><div class=\"special-heading-border\"><div class=\"special-heading-inner-border\"><\/div><\/div><\/div>\n<div class='flex_column av-3n3w0-042aba5ae13e76ade3f56c43b90d30a8 av_one_fifth  avia-builder-el-9  el_after_av_heading  el_before_av_three_fifth  first flex_column_div '     ><\/div><div class='flex_column av-3fols-338044c83ce4d6a244d410a2f7eb9b0d av_three_fifth  avia-builder-el-10  el_after_av_one_fifth  el_before_av_one_fifth  flex_column_div '     ><form action=\"https:\/\/www.mboa-snackerys.com\/?page_id=737\" method=\"post\"  class=\"avia_ajax_form av-form-labels-hidden   avia-builder-el-11  avia-builder-el-no-sibling  av-custom-form-color av-light-form \" data-avia-form-id=\"1\" data-avia-redirect='' ><fieldset><p class='  first_form  form_element form_element_third' id='element_avia_1_1'><label for=\"avia_1_1\">Nom <abbr class=\"required\" title=\"required\">*<\/abbr><\/label> <input name=\"avia_1_1\" class=\"text_input is_empty\" type=\"text\" id=\"avia_1_1\" value=\"\"  placeholder='Nom*'\/><\/p><p class='  form_element form_element_third av-last-visible-form-element' id='element_avia_2_1'><label for=\"avia_2_1\">Email <abbr class=\"required\" title=\"required\">*<\/abbr><\/label> <input name=\"avia_2_1\" class=\"text_input is_email\" type=\"text\" id=\"avia_2_1\" value=\"\"  placeholder='Email*'\/><\/p><p class=\"hidden\"><input type=\"text\" name=\"avia_3_1\" class=\"hidden \" id=\"avia_3_1\" value=\"\" \/><\/p><p class=\"form_element form_element_third modified_width\"><input type=\"hidden\" value=\"1\" name=\"avia_generated_form1\" \/><input type=\"submit\" value=\"S\u2019inscrire\" class=\"button\"  data-sending-label=\"Sending\"\/><\/p><\/fieldset><\/form><div id=\"ajaxresponse_1\" class=\"ajaxresponse ajaxresponse_1 hidden\"><\/div><\/div><div class='flex_column av-zwko-049a6728d666bc649389ba85ee698e39 av_one_fifth  avia-builder-el-12  el_after_av_three_fifth  avia-builder-el-last  flex_column_div '     ><\/div>\n\n","protected":false},"excerpt":{"rendered":"","protected":false},"author":1,"featured_media":0,"parent":0,"menu_order":0,"comment_status":"closed","ping_status":"closed","template":"","meta":{"jetpack_post_was_ever_published":false,"footnotes":""},"class_list":["post-737","page","type-page","status-publish","hentry"],"jetpack_sharing_enabled":true,"jetpack_shortlink":"https:\/\/wp.me\/PafQuu-bT","_links":{"self":[{"href":"https:\/\/www.mboa-snackerys.com\/index.php?rest_route=\/wp\/v2\/pages\/737","targetHints":{"allow":["GET"]}}],"collection":[{"href":"https:\/\/www.mboa-snackerys.com\/index.php?rest_route=\/wp\/v2\/pages"}],"about":[{"href":"https:\/\/www.mboa-snackerys.com\/index.php?rest_route=\/wp\/v2\/types\/page"}],"author":[{"embeddable":true,"href":"https:\/\/www.mboa-snackerys.com\/index.php?rest_route=\/wp\/v2\/users\/1"}],"replies":[{"embeddable":true,"href":"https:\/\/www.mboa-snackerys.com\/index.php?rest_route=%2Fwp%2Fv2%2Fcomments&post=737"}],"version-history":[{"count":9,"href":"https:\/\/www.mboa-snackerys.com\/index.php?rest_route=\/wp\/v2\/pages\/737\/revisions"}],"predecessor-version":[{"id":748,"href":"https:\/\/www.mboa-snackerys.com\/index.php?rest_route=\/wp\/v2\/pages\/737\/revisions\/748"}],"wp:attachment":[{"href":"https:\/\/www.mboa-snackerys.com\/index.php?rest_route=%2Fwp%2Fv2%2Fmedia&parent=737"}],"curies":[{"name":"wp","href":"https:\/\/api.w.org\/{rel}","templated":true}]}}